{"id":303,"date":"2025-03-26T09:25:03","date_gmt":"2025-03-26T08:25:03","guid":{"rendered":"https:\/\/proyectoespanol.blog\/politique-de-confidentialite\/"},"modified":"2025-03-28T08:32:14","modified_gmt":"2025-03-28T07:32:14","slug":"politique-de-confidentialite","status":"publish","type":"page","link":"https:\/\/proyectoespanol.blog\/fr\/politique-de-confidentialite\/","title":{"rendered":"Politique de confidentialit\u00e9"},"content":{"rendered":"\t\t<div data-elementor-type=\"wp-page\" data-elementor-id=\"303\" class=\"elementor elementor-303 elementor-159\" data-elementor-post-type=\"page\">\n\t\t\t\t<div class=\"elementor-element elementor-element-771f393 e-flex e-con-boxed e-con e-parent\" data-id=\"771f393\" data-element_type=\"container\" data-settings=\"{&quot;background_background&quot;:&quot;classic&quot;}\">\n\t\t\t\t\t<div class=\"e-con-inner\">\n\t\t\t\t<div class=\"elementor-element elementor-element-978b2be elementor-widget elementor-widget-heading\" data-id=\"978b2be\" data-element_type=\"widget\" data-widget_type=\"heading.default\">\n\t\t\t\t<div class=\"elementor-widget-container\">\n\t\t\t\t\t<h1 class=\"elementor-heading-title elementor-size-default\">Politique de confidentialit\u00e9<\/h1>\t\t\t\t<\/div>\n\t\t\t\t<\/div>\n\t\t\t\t\t<\/div>\n\t\t\t\t<\/div>\n\t\t<div class=\"elementor-element elementor-element-0b85bee e-flex e-con-boxed e-con e-parent\" data-id=\"0b85bee\" data-element_type=\"container\">\n\t\t\t\t\t<div class=\"e-con-inner\">\n\t\t\t\t<div class=\"elementor-element elementor-element-4f88b20 elementor-widget elementor-widget-text-editor\" data-id=\"4f88b20\" data-element_type=\"widget\" data-widget_type=\"text-editor.default\">\n\t\t\t\t<div class=\"elementor-widget-container\">\n\t\t\t\t\t\t\t\t\t<p>Conform\u00e9ment aux dispositions de la Loi Organique 15\/1999, du 13 d\u00e9cembre, sur la Protection des Donn\u00e9es \u00e0 Caract\u00e8re Personnel (LOPD), nous vous informons que les donn\u00e9es personnelles que vous nous fournissez \u00e0 travers notre site Web ou par l&rsquo;envoi de courriers \u00e9lectroniques, seront incorpor\u00e9es \u00e0 un fichier automatis\u00e9 appartenant \u00e0 ALC PROYECTO ESPA\u00d1OL,S.L. (ci-apr\u00e8s ALC PROYECTO ESPA\u00d1OL,S.L.), dont le si\u00e8ge social est situ\u00e9 \u00e0 C\/ JOS\u00c9 GUTI\u00c9REZ PET\u00c9N 41 ENTLO 3004 ALICANTE ALICANTE, ESPAGNE, dans le but de g\u00e9rer, fournir, \u00e9tendre et am\u00e9liorer les services offerts sur le site Web, dans le but de g\u00e9rer, fournir, \u00e9tendre et am\u00e9liorer les services offerts sur le site Web. ), dont le si\u00e8ge social est situ\u00e9 C\/ JOS\u00c9 GUTI\u00c9RREZ PET\u00c9N 41 ENTLO 3004 ALICANTE ALICANTE, Espagne, dans le but de g\u00e9rer, fournir, \u00e9tendre et am\u00e9liorer les services offerts sur le site Web, d&rsquo;ex\u00e9cuter les contrats conclus par ce biais, d&rsquo;envoyer des formulaires d&rsquo;enqu\u00eate, d&rsquo;\u00e9tudier l&rsquo;utilisation des services par les utilisateurs, d&rsquo;envoyer des mises \u00e0 jour des services, ainsi que d&rsquo;envoyer des informations publicitaires et\/ou promotionnelles sur les produits et services offerts par ALC PROYECTO ESPA\u00d1OL,S. L. ou par des tiers li\u00e9s \u00e0 l&rsquo;achat et \u00e0 la vente de biens de consommation susceptibles d&rsquo;int\u00e9resser l&rsquo;utilisateur, ce dernier consentant express\u00e9ment \u00e0 l&rsquo;envoi de ces informations par tout moyen, y compris par voie \u00e9lectronique, notamment par courrier \u00e9lectronique.<\/p><p>Les utilisateurs qui fournissent leurs donn\u00e9es \u00e0 ALC PROYECTO ESPA\u00d1OL,S.L. et qui ne sont pas des utilisateurs, acceptent express\u00e9ment que le fait de fournir leurs donn\u00e9es \u00e0 ALC PROYECTO ESPA\u00d1OL,S.L. \u00e9quivaut \u00e0 leur autorisation expresse pour l&rsquo;envoi de publicit\u00e9 par ces moyens. Dans le cas contraire, nous vous demandons de ne pas fournir vos donn\u00e9es et\/ou de ne pas envoyer \u00e0 ALC PROYECTO ESPA\u00d1OL,S.L. quelque communication que ce soit. L&rsquo;utilisateur donne express\u00e9ment son accord pour qu&rsquo;ALC PROYECTO ESPA\u00d1OL,S.L. puisse communiquer cette condition d&rsquo;utilisateur aux tiers qui ont l&rsquo;intention d&rsquo;envoyer un courrier \u00e9lectronique les invitant \u00e0 faire partie d&rsquo;ALC PROYECTO ESPA\u00d1OL,S.L. afin d&rsquo;\u00e9viter la remise susmentionn\u00e9e.  <\/p><p>De m\u00eame, l&rsquo;utilisateur est inform\u00e9 qu&rsquo;en cas d&rsquo;utilisation de l&rsquo;option \u00ab recommander \u00bb, ALC PROYECTO ESPA\u00d1OL,S.L. informera la personne \u00e0 qui elle envoie la recommandation de devenir utilisateur de la personne qui l&rsquo;a invit\u00e9 \u00e0 devenir utilisateur, et que certaines donn\u00e9es personnelles seront donc fournies au filleul potentiel.<\/p><p>Le consentement de l&rsquo;utilisateur \u00e0 recevoir des communications commerciales, par courrier \u00e9lectronique ou par des moyens \u00e9lectroniques \u00e9quivalents, peut \u00eatre r\u00e9voqu\u00e9 par le biais d&rsquo;une notification envoy\u00e9e \u00e0 l&rsquo;adresse \u00e9lectronique suivante : INFO@PROYECTO-ES.COM ou par courrier ordinaire adress\u00e9 \u00e0 ALC PROYECTO ESPA\u00d1OL, S.L. \u00e0 l&rsquo;adresse indiqu\u00e9e ci-dessus.<\/p><p>En raison de la nature m\u00eame du service et des contenus du site web, il est indispensable de pouvoir envoyer aux utilisateurs des communications commerciales par courrier \u00e9lectronique. Par cons\u00e9quent, dans le cas o\u00f9 la r\u00e9vocation du consentement pr\u00e9vue au paragraphe pr\u00e9c\u00e9dent se produirait, elle entra\u00eenerait automatiquement la cessation et l&rsquo;abandon de la condition d&rsquo;utilisateur d&rsquo;ALC PROYECTO ESPA\u00d1OL, S.L. par la personne qui ex\u00e9cute cette r\u00e9vocation. <\/p><p>De m\u00eame, l&rsquo;utilisateur a la possibilit\u00e9 d&rsquo;acc\u00e9der \u00e0 ses donn\u00e9es personnelles et d&rsquo;effectuer les modifications appropri\u00e9es. Dans ce sens, l&rsquo;utilisateur s&rsquo;engage \u00e0 fournir des informations v\u00e9ridiques sur ses donn\u00e9es personnelles et \u00e0 maintenir \u00e0 jour les donn\u00e9es fournies \u00e0 ALC PROYECTO ESPA\u00d1OL,S.L.. <\/p><p>Les utilisateurs peuvent exercer leurs droits d&rsquo;acc\u00e8s, de rectification, d&rsquo;annulation et d&rsquo;opposition en envoyant une communication \u00e0 l&rsquo;adresse indiqu\u00e9e au premier paragraphe de cette section, ou \u00e0 l&rsquo;adresse \u00e9lectronique : INFO@PROYECTO-ES.COM.<\/p><p>ALC PROYECTO ESPA\u00d1OL,S.L. informe l&rsquo;utilisateur que la collecte de ces donn\u00e9es n&rsquo;est pas obligatoire, sauf dans les champs indiqu\u00e9s. N\u00e9anmoins, le fait de ne pas remplir ces donn\u00e9es peut emp\u00eacher ALC PROYECTO ESPA\u00d1OL,S.L. de fournir tous les services li\u00e9s \u00e0 ces donn\u00e9es, la d\u00e9gageant de toute responsabilit\u00e9 quant \u00e0 la non-fourniture ou \u00e0 la fourniture incompl\u00e8te de ces services. <\/p><p>L&rsquo;Utilisateur sera responsable, dans tous les cas, de la v\u00e9racit\u00e9 des donn\u00e9es fournies, et ALC PROYECTO ESPA\u00d1OL,S.L. se r\u00e9serve le droit d&rsquo;exclure des Services enregistr\u00e9s tout Utilisateur ayant fourni de fausses donn\u00e9es, sans pr\u00e9judice des autres actions qui pourraient \u00eatre applicables en vertu de la loi.<\/p><p>ALC PROYECTO ESPA\u00d1OL,S.L. permet \u00e0 ses Utilisateurs d&rsquo;inviter des tiers (famille, amis, etc.) \u00e0 rejoindre, en tant qu&rsquo;Utilisateurs, la communaut\u00e9 ALC PROYECTO ESPA\u00d1OL,S.L., par l&rsquo;envoi d&rsquo;un courrier \u00e9lectronique d&rsquo;invitation, appel\u00e9 courrier \u00e9lectronique de recommandation. \u00c0 cet effet, l&rsquo;Utilisateur qui ex\u00e9cute l&rsquo;option de \u00ab recommandation \u00bb offerte par ALC PROYECTO ESPA\u00d1OL,S.L. d\u00e9clare avoir obtenu le consentement n\u00e9cessaire pour le transfert des donn\u00e9es personnelles de la personne \u00e0 laquelle ALC PROYECTO ESPA\u00d1OL,S.L. enverra ladite invitation, apr\u00e8s l&rsquo;avoir inform\u00e9e dans les termes pr\u00e9vus \u00e0 l&rsquo;article 5.4. LOPD, ainsi qu&rsquo;apr\u00e8s avoir obtenu leur consentement expr\u00e8s pour qu&rsquo;ALC PROYECTO ESPA\u00d1OL,S.L. leur envoie ses propres communications commerciales ou celles de tiers relatives \u00e0 ses propres produits et\/ou services ou celles de tiers relatives \u00e0 l&rsquo;achat et \u00e0 la vente de biens de consommation. Traduit avec DeepL.com (version gratuite)  <\/p><p>De m\u00eame, l&rsquo;utilisateur qui ex\u00e9cute l&rsquo;option \u00ab recommander \u00bb susmentionn\u00e9e est seul et exclusivement responsable de toute circonstance et\/ou sanction pouvant survenir \u00e0 l&rsquo;occasion ou en cons\u00e9quence de l&rsquo;absence de consentement du destinataire de l&rsquo;e-mail de parrainage au traitement de ses donn\u00e9es personnelles et\/ou de toute irr\u00e9gularit\u00e9 dans l&rsquo;obtention de ce consentement.<\/p><p> <\/p><h3>II. Mineurs <\/h3><p>Nos services s&rsquo;adressent \u00e0 des personnes majeures, dans le cas o\u00f9 certains de nos services s&rsquo;adressent sp\u00e9cifiquement \u00e0 des mineurs, ALC PROYECTO ESPA\u00d1OL, S.L. demandera le consentement des parents ou tuteurs pour la collecte des donn\u00e9es personnelles ou, le cas \u00e9ch\u00e9ant, pour le traitement automatis\u00e9 des donn\u00e9es conform\u00e9ment \u00e0 ce qui est \u00e9tabli dans la l\u00e9gislation en vigueur. Si l&rsquo;utilisateur est mineur, il doit obtenir le consentement pr\u00e9alable de ses parents ou tuteurs avant de proc\u00e9der \u00e0 l&rsquo;inclusion de ses donn\u00e9es personnelles dans les formulaires du site Web. <\/p><h3>III. Utilisation des cookies <\/h3><p>ALC PROYECTO ESPA\u00d1OL,S.L. vous informe que lors de la navigation sur le site Web, des \u00ab cookies \u00bb sont utilis\u00e9s, de petits fichiers de donn\u00e9es qui sont g\u00e9n\u00e9r\u00e9s dans l&rsquo;ordinateur de l&rsquo;utilisateur et qui nous permettent d&rsquo;obtenir les informations suivantes :<\/p><p><b>a)<\/b> La date et l&rsquo;heure d&rsquo;acc\u00e8s au site web. Cela nous permet de conna\u00eetre les p\u00e9riodes les plus charg\u00e9es et de proc\u00e9der aux ajustements n\u00e9cessaires pour \u00e9viter les probl\u00e8mes de saturation aux heures de pointe. <br><b>b)<\/b> le nombre de visiteurs quotidiens de chaque section. Cela nous permet de conna\u00eetre les sections qui ont le plus de succ\u00e8s et d&rsquo;augmenter et d&rsquo;am\u00e9liorer leur contenu, afin que les utilisateurs obtiennent un r\u00e9sultat plus satisfaisant. <br><b>c)<\/b> la date et l&rsquo;heure de la derni\u00e8re visite de l&rsquo;utilisateur sur le site web.<br><b>d)<\/b> la conception du contenu choisie par l&rsquo;utilisateur lors de sa premi\u00e8re visite sur le site web.<br><b>e)<\/b> \u00c9l\u00e9ments de s\u00e9curit\u00e9 intervenant dans le contr\u00f4le de l&rsquo;acc\u00e8s aux zones d&rsquo;acc\u00e8s restreint.<\/p><p>Les informations obtenues sont totalement anonymes et ne peuvent en aucun cas \u00eatre associ\u00e9es \u00e0 un utilisateur sp\u00e9cifique et identifi\u00e9. Ces informations permettent \u00e0 ALC PROYECTO ESPA\u00d1OL,S.L. d&rsquo;adapter et d&rsquo;am\u00e9liorer ses services en fonction des int\u00e9r\u00eats de l&rsquo;utilisateur. Cependant, l&rsquo;utilisateur a la possibilit\u00e9 d&#8217;emp\u00eacher la g\u00e9n\u00e9ration de cookies en s\u00e9lectionnant l&rsquo;option correspondante dans son programme de navigation. ALC PROYECTO ESPA\u00d1OL,S.L. informe que si l&rsquo;utilisation des cookies est d\u00e9sactiv\u00e9e, la navigation peut \u00eatre plus lente que d&rsquo;habitude.   <\/p><h3>IV. champs de texte libre <\/h3><p>Les champs de texte libre qui, \u00e0 la disposition de l&rsquo;utilisateur, peuvent appara\u00eetre sur le site Web ont pour seul et unique objectif de collecter des informations afin d&rsquo;am\u00e9liorer la qualit\u00e9 des services, en particulier la livraison des produits achet\u00e9s. L&rsquo;utilisateur n&rsquo;inclura pas, dans les espaces que le site Web peut offrir comme \u00ab champs de texte libre \u00bb, de donn\u00e9es \u00e0 caract\u00e8re personnel pouvant \u00eatre class\u00e9es parmi les donn\u00e9es pour lesquelles un niveau de protection moyen ou \u00e9lev\u00e9 est requis, sans en informer pr\u00e9alablement ALC PROYECTO ESPA\u00d1OL, S.L., conform\u00e9ment \u00e0 la l\u00e9gislation en vigueur (\u00e0 titre d&rsquo;exemple et sans s&rsquo;y limiter, les donn\u00e9es relatives \u00e0 l&rsquo;id\u00e9ologie, la religion, les croyances, l&rsquo;affiliation syndicale, la sant\u00e9, l&rsquo;origine raciale et\/ou la vie sexuelle). <\/p>\t\t\t\t\t\t\t\t<\/div>\n\t\t\t\t<\/div>\n\t\t\t\t\t<\/div>\n\t\t\t\t<\/div>\n\t\t\t\t<\/div>\n\t\t","protected":false},"excerpt":{"rendered":"<p>Conform\u00e9ment aux dispositions de la Loi Organique 15\/1999, du 13 d\u00e9cembre, sur la Protection des Donn\u00e9es \u00e0 Caract\u00e8re Personnel (LOPD), nous vous informons que les donn\u00e9es personnelles que vous nous fournissez \u00e0 travers notre site Web ou par l&rsquo;envoi de courriers \u00e9lectroniques, seront incorpor\u00e9es \u00e0 un fichier automatis\u00e9 appartenant \u00e0 ALC PROYECTO ESPA\u00d1OL,S.L. (ci-apr\u00e8s ALC [&hellip;]<\/p>\n","protected":false},"author":1,"featured_media":0,"parent":0,"menu_order":0,"comment_status":"closed","ping_status":"closed","template":"","meta":{"footnotes":""},"class_list":["post-303","page","type-page","status-publish","hentry"],"_links":{"self":[{"href":"https:\/\/proyectoespanol.blog\/fr\/wp-json\/wp\/v2\/pages\/303","targetHints":{"allow":["GET"]}}],"collection":[{"href":"https:\/\/proyectoespanol.blog\/fr\/wp-json\/wp\/v2\/pages"}],"about":[{"href":"https:\/\/proyectoespanol.blog\/fr\/wp-json\/wp\/v2\/types\/page"}],"author":[{"embeddable":true,"href":"https:\/\/proyectoespanol.blog\/fr\/wp-json\/wp\/v2\/users\/1"}],"replies":[{"embeddable":true,"href":"https:\/\/proyectoespanol.blog\/fr\/wp-json\/wp\/v2\/comments?post=303"}],"version-history":[{"count":1,"href":"https:\/\/proyectoespanol.blog\/fr\/wp-json\/wp\/v2\/pages\/303\/revisions"}],"predecessor-version":[{"id":304,"href":"https:\/\/proyectoespanol.blog\/fr\/wp-json\/wp\/v2\/pages\/303\/revisions\/304"}],"wp:attachment":[{"href":"https:\/\/proyectoespanol.blog\/fr\/wp-json\/wp\/v2\/media?parent=303"}],"curies":[{"name":"wp","href":"https:\/\/api.w.org\/{rel}","templated":true}]}}